{"id":5869,"date":"2024-07-14T07:11:41","date_gmt":"2024-07-14T07:11:41","guid":{"rendered":"https:\/\/officex.fi\/?page_id=5869"},"modified":"2024-07-14T07:11:41","modified_gmt":"2024-07-14T07:11:41","slug":"office-rules","status":"publish","type":"page","link":"https:\/\/officex.fi\/en\/office-rules\/","title":{"rendered":"Office Rules"},"content":{"rendered":"<div data-elementor-type=\"wp-page\" data-elementor-id=\"5869\" class=\"elementor elementor-5869\" data-elementor-post-type=\"page\">\n\t\t\t\t<div class=\"elementor-element elementor-element-3735a2e e-flex e-con-boxed e-con e-parent\" data-id=\"3735a2e\" data-element_type=\"container\" data-e-type=\"container\" data-settings=\"{&quot;background_background&quot;:&quot;classic&quot;}\">\n\t\t\t\t\t<div class=\"e-con-inner\">\n\t\t\t\t<div class=\"elementor-element elementor-element-64ecf34 elementor-widget elementor-widget-heading\" data-id=\"64ecf34\" data-element_type=\"widget\" data-e-type=\"widget\" data-widget_type=\"heading.default\">\n\t\t\t\t<div class=\"elementor-widget-container\">\n\t\t\t\t\t<h1 class=\"elementor-heading-title elementor-size-default\">TOIMISTOTILAT JYV\u00c4SKYL\u00c4<\/h1>\t\t\t\t<\/div>\n\t\t\t\t<\/div>\n\t\t\t\t\t<\/div>\n\t\t\t\t<\/div>\n\t\t<div class=\"elementor-element elementor-element-d10a418 e-flex e-con-boxed e-con e-parent\" data-id=\"d10a418\" data-element_type=\"container\" data-e-type=\"container\">\n\t\t\t\t\t<div class=\"e-con-inner\">\n\t\t\t\t<div class=\"elementor-element elementor-element-3742458 elementor-widget elementor-widget-text-editor\" data-id=\"3742458\" data-element_type=\"widget\" data-e-type=\"widget\" data-widget_type=\"text-editor.default\">\n\t\t\t\t<div class=\"elementor-widget-container\">\n\t\t\t\t\t\t\t\t\t<ol><li>Asiakkailta odotetaan toimipaikassa ja sen j\u00e4rjest\u00e4miss\u00e4 tilaisuuksissa siisteytt\u00e4 ja hyvi\u00e4 tapoja. Toimipaikoista tulee poistua aukioloaikojen puitteissa. Muiden asiakkaiden h\u00e4iritseminen on kielletty\u00e4. Erilaisten tuotteiden ja palveluiden kaupustelu toimipaikalla on hyvien tapojen vastaista.<br \/><br \/><\/li><li>Toimipaikkaa k\u00e4ytet\u00e4\u00e4n my\u00f6s esittelytilana yritystilaisuuksissa ja mahdollisesti mainoskuvauksissa, jolloin toimipaikka voi olla hetkellisesti suljettuna. N\u00e4ist\u00e4 ja muista erikoistapauksista ilmoitetaan hyviss\u00e4 ajoin. N\u00e4m\u00e4 erikoistapaukset on jo huomioitu m\u00e4\u00e4ritelt\u00e4ess\u00e4 hintoja, eik\u00e4 asiakas n\u00e4in ollen ole oikeutettu saamaan n\u00e4ist\u00e4 erillist\u00e4 hyvityst\u00e4.<br \/><br \/><\/li><li>Varusteiden ja vaatteiden j\u00e4tt\u00e4minen tiloihin y\u00f6n yli ei ole sallittua.<br \/><br \/><\/li><li>Tupakointi ei ole sallittua miss\u00e4\u00e4n Office X:n tiloissa. Alkoholin, p\u00e4ihteiden ja Suomen laissa kiellettyjen aineiden nauttiminen tai tuominen toimitiloihin on kielletty. Lasten (alle 16v.) tuominen toimitiloihin on kielletty ilman erillist\u00e4 kirjallista lupaa. Yhteystietojen muutokset tulee heti ilmoittaa Office X:lle.<br \/><br \/><\/li><li>Asiakas on oikeutettu osallistumaan kaikkiin ilmaisiin ja maksullisiin asiakastapahtumiin.<br \/><br \/><\/li><li>Mik\u00e4li toiminnan siisteydest\u00e4, palvelusta tai muusta toiminnasta on huomautettavaa, pyydet\u00e4\u00e4n siit\u00e4 ilmoittamaan v\u00e4litt\u00f6m\u00e4sti Office X:lle.<br \/><br \/><\/li><li>Toimipaikalla on yritt\u00e4j\u00e4n vastuuvakuutus. Vakuutukset eiv\u00e4t kata tapahtumia, jotka toteutetaan toimipaikan ulkopuolella.<br \/><br \/><\/li><li>Office X:n omaisuuden tahallinen vahingoittaminen on kielletty\u00e4. Vahingon korvauksen lis\u00e4ksi voidaan asiakkuus perua kokonaan. T\u00e4ll\u00f6in suoritettuja maksuja ei makseta takaisin.<br \/><br \/><\/li><li>J\u00e4sen sitoutuu noudattamaan toimipaikan ohjeita mahdollisista k\u00e4yntien kirjaamisista.<br \/><br \/><\/li><li>Office X:ll\u00e4 on toisinaan siivous-\/ remontointiaikoja, jolloin aukiolo voi poiketa normaalista. N\u00e4ist\u00e4 ajoista tiedotetaan toimipaikassa.<br \/><br \/><\/li><li>Office X varaa itselleen oikeuden muuttaa sopimuksen etuja ja ehtoja. Ehtojen muutoksista ilmoitetaan asiakkaille 1 kk ennen muutosta. Mik\u00e4li asiakkaan etujen on katsottava h\u00e4nen kannaltaan olennaisesti huonontuneen, voi asiakas irtisanoa sopimuksen v\u00e4litt\u00f6min vaikutuksin. Mik\u00e4li asiakas ei ole irtisanonut sopimusta kuukauden kuluessa siit\u00e4, kun asiasta on asianmukaisesti ilmoitettu, katsotaan asiakkaan hyv\u00e4ksyneen muutokset.<br \/><br \/><\/li><li>Tervetuloa Office X asiakkaaksi. Onnittelut hyv\u00e4st\u00e4 valinnastasi!<\/li><\/ol>\t\t\t\t\t\t\t\t<\/div>\n\t\t\t\t<\/div>\n\t\t\t\t\t<\/div>\n\t\t\t\t<\/div>\n\t\t\t\t<\/div>","protected":false},"excerpt":{"rendered":"<p>TOIMISTOTILAT JYV\u00c4SKYL\u00c4 Asiakkailta odotetaan toimipaikassa ja sen j\u00e4rjest\u00e4miss\u00e4 tilaisuuksissa siisteytt\u00e4 ja hyvi\u00e4 tapoja. Toimipaikoista tulee poistua aukioloaikojen puitteissa. Muiden asiakkaiden [&hellip;]<\/p>\n","protected":false},"author":1,"featured_media":0,"parent":0,"menu_order":0,"comment_status":"closed","ping_status":"closed","template":"","meta":{"site-sidebar-layout":"no-sidebar","site-content-layout":"","ast-site-content-layout":"full-width-container","site-content-style":"default","site-sidebar-style":"default","ast-global-header-display":"","ast-banner-title-visibility":"","ast-main-header-display":"","ast-hfb-above-header-display":"","ast-hfb-below-header-display":"","ast-hfb-mobile-header-display":"","site-post-title":"disabled","ast-breadcrumbs-content":"","ast-featured-img":"disabled","footer-sml-layout":"","ast-disable-related-posts":"","theme-transparent-header-meta":"","adv-header-id-meta":"","stick-header-meta":"","header-above-stick-meta":"","header-main-stick-meta":"","header-below-stick-meta":"","astra-migrate-meta-layouts":"default","ast-page-background-enabled":"default","ast-page-background-meta":{"desktop":{"background-color":"var(--ast-global-color-4)","background-image":"","background-repeat":"repeat","background-position":"center center","background-size":"auto","background-attachment":"scroll","background-type":"","background-media":"","overlay-type":"","overlay-color":"","overlay-opacity":"","overlay-gradient":""},"tablet":{"background-color":"","background-image":"","background-repeat":"repeat","background-position":"center center","background-size":"auto","background-attachment":"scroll","background-type":"","background-media":"","overlay-type":"","overlay-color":"","overlay-opacity":"","overlay-gradient":""},"mobile":{"background-color":"","background-image":"","background-repeat":"repeat","background-position":"center center","background-size":"auto","background-attachment":"scroll","background-type":"","background-media":"","overlay-type":"","overlay-color":"","overlay-opacity":"","overlay-gradient":""}},"ast-content-background-meta":{"desktop":{"background-color":"var(--ast-global-color-5)","background-image":"","background-repeat":"repeat","background-position":"center center","background-size":"auto","background-attachment":"scroll","background-type":"","background-media":"","overlay-type":"","overlay-color":"","overlay-opacity":"","overlay-gradient":""},"tablet":{"background-color":"var(--ast-global-color-5)","background-image":"","background-repeat":"repeat","background-position":"center center","background-size":"auto","background-attachment":"scroll","background-type":"","background-media":"","overlay-type":"","overlay-color":"","overlay-opacity":"","overlay-gradient":""},"mobile":{"background-color":"var(--ast-global-color-5)","background-image":"","background-repeat":"repeat","background-position":"center center","background-size":"auto","background-attachment":"scroll","background-type":"","background-media":"","overlay-type":"","overlay-color":"","overlay-opacity":"","overlay-gradient":""}},"footnotes":""},"class_list":["post-5869","page","type-page","status-publish","hentry"],"yoast_head":"<!-- This site is optimized with the Yoast SEO plugin v27.6 - https:\/\/yoast.com\/product\/yoast-seo-wordpress\/ -->\n<title>Office Rules - Office X<\/title>\n<meta name=\"robots\" content=\"index, follow, max-snippet:-1, max-image-preview:large, max-video-preview:-1\" \/>\n<link rel=\"canonical\" href=\"https:\/\/officex.fi\/en\/office-rules\/\" \/>\n<meta property=\"og:locale\" content=\"en_US\" \/>\n<meta property=\"og:type\" content=\"article\" \/>\n<meta property=\"og:title\" content=\"Office Rules - Office X\" \/>\n<meta property=\"og:description\" content=\"TOIMISTOTILAT JYV\u00c4SKYL\u00c4 Asiakkailta odotetaan toimipaikassa ja sen j\u00e4rjest\u00e4miss\u00e4 tilaisuuksissa siisteytt\u00e4 ja hyvi\u00e4 tapoja. Toimipaikoista tulee poistua aukioloaikojen puitteissa. Muiden asiakkaiden [&hellip;]\" \/>\n<meta property=\"og:url\" content=\"https:\/\/officex.fi\/en\/office-rules\/\" \/>\n<meta property=\"og:site_name\" content=\"Office X\" \/>\n<meta name=\"twitter:card\" content=\"summary_large_image\" \/>\n<meta name=\"twitter:label1\" content=\"Est. reading time\" \/>\n\t<meta name=\"twitter:data1\" content=\"2 minutes\" \/>\n<script type=\"application\/ld+json\" class=\"yoast-schema-graph\">{\"@context\":\"https:\\\/\\\/schema.org\",\"@graph\":[{\"@type\":\"WebPage\",\"@id\":\"https:\\\/\\\/officex.fi\\\/en\\\/office-rules\\\/\",\"url\":\"https:\\\/\\\/officex.fi\\\/en\\\/office-rules\\\/\",\"name\":\"Office Rules - Office X\",\"isPartOf\":{\"@id\":\"https:\\\/\\\/officex.fi\\\/en\\\/#website\"},\"datePublished\":\"2024-07-14T07:11:41+00:00\",\"breadcrumb\":{\"@id\":\"https:\\\/\\\/officex.fi\\\/en\\\/office-rules\\\/#breadcrumb\"},\"inLanguage\":\"en-US\",\"potentialAction\":[{\"@type\":\"ReadAction\",\"target\":[\"https:\\\/\\\/officex.fi\\\/en\\\/office-rules\\\/\"]}]},{\"@type\":\"BreadcrumbList\",\"@id\":\"https:\\\/\\\/officex.fi\\\/en\\\/office-rules\\\/#breadcrumb\",\"itemListElement\":[{\"@type\":\"ListItem\",\"position\":1,\"name\":\"Home\",\"item\":\"https:\\\/\\\/officex.fi\\\/en\\\/front-page\\\/\"},{\"@type\":\"ListItem\",\"position\":2,\"name\":\"Office Rules\"}]},{\"@type\":\"WebSite\",\"@id\":\"https:\\\/\\\/officex.fi\\\/en\\\/#website\",\"url\":\"https:\\\/\\\/officex.fi\\\/en\\\/\",\"name\":\"Office X\",\"description\":\"\",\"potentialAction\":[{\"@type\":\"SearchAction\",\"target\":{\"@type\":\"EntryPoint\",\"urlTemplate\":\"https:\\\/\\\/officex.fi\\\/en\\\/?s={search_term_string}\"},\"query-input\":{\"@type\":\"PropertyValueSpecification\",\"valueRequired\":true,\"valueName\":\"search_term_string\"}}],\"inLanguage\":\"en-US\"}]}<\/script>\n<!-- \/ Yoast SEO plugin. -->","yoast_head_json":{"title":"Office Rules - Office X","robots":{"index":"index","follow":"follow","max-snippet":"max-snippet:-1","max-image-preview":"max-image-preview:large","max-video-preview":"max-video-preview:-1"},"canonical":"https:\/\/officex.fi\/en\/office-rules\/","og_locale":"en_US","og_type":"article","og_title":"Office Rules - Office X","og_description":"TOIMISTOTILAT JYV\u00c4SKYL\u00c4 Asiakkailta odotetaan toimipaikassa ja sen j\u00e4rjest\u00e4miss\u00e4 tilaisuuksissa siisteytt\u00e4 ja hyvi\u00e4 tapoja. Toimipaikoista tulee poistua aukioloaikojen puitteissa. Muiden asiakkaiden [&hellip;]","og_url":"https:\/\/officex.fi\/en\/office-rules\/","og_site_name":"Office X","twitter_card":"summary_large_image","twitter_misc":{"Est. reading time":"2 minutes"},"schema":{"@context":"https:\/\/schema.org","@graph":[{"@type":"WebPage","@id":"https:\/\/officex.fi\/en\/office-rules\/","url":"https:\/\/officex.fi\/en\/office-rules\/","name":"Office Rules - Office X","isPartOf":{"@id":"https:\/\/officex.fi\/en\/#website"},"datePublished":"2024-07-14T07:11:41+00:00","breadcrumb":{"@id":"https:\/\/officex.fi\/en\/office-rules\/#breadcrumb"},"inLanguage":"en-US","potentialAction":[{"@type":"ReadAction","target":["https:\/\/officex.fi\/en\/office-rules\/"]}]},{"@type":"BreadcrumbList","@id":"https:\/\/officex.fi\/en\/office-rules\/#breadcrumb","itemListElement":[{"@type":"ListItem","position":1,"name":"Home","item":"https:\/\/officex.fi\/en\/front-page\/"},{"@type":"ListItem","position":2,"name":"Office Rules"}]},{"@type":"WebSite","@id":"https:\/\/officex.fi\/en\/#website","url":"https:\/\/officex.fi\/en\/","name":"Office X","description":"","potentialAction":[{"@type":"SearchAction","target":{"@type":"EntryPoint","urlTemplate":"https:\/\/officex.fi\/en\/?s={search_term_string}"},"query-input":{"@type":"PropertyValueSpecification","valueRequired":true,"valueName":"search_term_string"}}],"inLanguage":"en-US"}]}},"_links":{"self":[{"href":"https:\/\/officex.fi\/en\/wp-json\/wp\/v2\/pages\/5869","targetHints":{"allow":["GET"]}}],"collection":[{"href":"https:\/\/officex.fi\/en\/wp-json\/wp\/v2\/pages"}],"about":[{"href":"https:\/\/officex.fi\/en\/wp-json\/wp\/v2\/types\/page"}],"author":[{"embeddable":true,"href":"https:\/\/officex.fi\/en\/wp-json\/wp\/v2\/users\/1"}],"replies":[{"embeddable":true,"href":"https:\/\/officex.fi\/en\/wp-json\/wp\/v2\/comments?post=5869"}],"version-history":[{"count":1,"href":"https:\/\/officex.fi\/en\/wp-json\/wp\/v2\/pages\/5869\/revisions"}],"predecessor-version":[{"id":5870,"href":"https:\/\/officex.fi\/en\/wp-json\/wp\/v2\/pages\/5869\/revisions\/5870"}],"wp:attachment":[{"href":"https:\/\/officex.fi\/en\/wp-json\/wp\/v2\/media?parent=5869"}],"curies":[{"name":"wp","href":"https:\/\/api.w.org\/{rel}","templated":true}]}}