{"id":5873,"date":"2024-07-14T07:14:36","date_gmt":"2024-07-14T07:14:36","guid":{"rendered":"https:\/\/officex.fi\/?page_id=5873"},"modified":"2024-07-14T07:14:36","modified_gmt":"2024-07-14T07:14:36","slug":"delivery-and-contract-terms","status":"publish","type":"page","link":"https:\/\/officex.fi\/en\/delivery-and-contract-terms\/","title":{"rendered":"Delivery and Contract Terms"},"content":{"rendered":"<div data-elementor-type=\"wp-page\" data-elementor-id=\"5873\" class=\"elementor elementor-5873\" data-elementor-post-type=\"page\">\n\t\t\t\t<div class=\"elementor-element elementor-element-5a39647 e-flex e-con-boxed e-con e-parent\" data-id=\"5a39647\" data-element_type=\"container\" data-e-type=\"container\" data-settings=\"{&quot;background_background&quot;:&quot;classic&quot;}\">\n\t\t\t\t\t<div class=\"e-con-inner\">\n\t\t\t\t<div class=\"elementor-element elementor-element-fb14eb9 elementor-widget elementor-widget-heading\" data-id=\"fb14eb9\" data-element_type=\"widget\" data-e-type=\"widget\" data-widget_type=\"heading.default\">\n\t\t\t\t<div class=\"elementor-widget-container\">\n\t\t\t\t\t<h1 class=\"elementor-heading-title elementor-size-default\">TOIMITUS- &amp; SOPIMUSEHDOT<\/h1>\t\t\t\t<\/div>\n\t\t\t\t<\/div>\n\t\t\t\t\t<\/div>\n\t\t\t\t<\/div>\n\t\t<div class=\"elementor-element elementor-element-ac20ab1 e-flex e-con-boxed e-con e-parent\" data-id=\"ac20ab1\" data-element_type=\"container\" data-e-type=\"container\">\n\t\t\t\t\t<div class=\"e-con-inner\">\n\t\t\t\t<div class=\"elementor-element elementor-element-2b3cac1 elementor-widget elementor-widget-heading\" data-id=\"2b3cac1\" data-element_type=\"widget\" data-e-type=\"widget\" data-widget_type=\"heading.default\">\n\t\t\t\t<div class=\"elementor-widget-container\">\n\t\t\t\t\t<h2 class=\"elementor-heading-title elementor-size-default\">TOIMITUS-EHDOT<\/h2>\t\t\t\t<\/div>\n\t\t\t\t<\/div>\n\t\t\t\t<div class=\"elementor-element elementor-element-2deadeb elementor-widget elementor-widget-text-editor\" data-id=\"2deadeb\" data-element_type=\"widget\" data-e-type=\"widget\" data-widget_type=\"text-editor.default\">\n\t\t\t\t<div class=\"elementor-widget-container\">\n\t\t\t\t\t\t\t\t\t<ol><li>Office X Oy 3184653-5 (j\u00e4ljemp\u00e4n\u00e4 Office X tai verkkokauppa) myy tilapalveluita yksityishenkil\u00f6ille sek\u00e4 yrityksille Suomeen. Pid\u00e4t\u00e4mme oikeuden toimitusehtojen ja hintojen muutoksiin. Tuotteiden hinnat sis\u00e4lt\u00e4v\u00e4t arvonlis\u00e4veron.<br \/><br \/><\/li><li>Office X Oy Laukaantie 4, 40320 Jyv\u00e4skyl\u00e4 S\u00e4hk\u00f6posti: info@officex.fi<br \/><br \/><\/li><li>Office X Oy Laukaantie 4, 40320 Jyv\u00e4skyl\u00e4 S\u00e4hk\u00f6posti: info@officex.fi<br \/><br \/><\/li><li>Tilattavat palvelut valitaan kotisivuilla lis\u00e4\u00e4m\u00e4ll\u00e4 ne ostoskoriin. Tilaus l\u00e4hetet\u00e4\u00e4n maksamalla ostoskorin sis\u00e4lt\u00f6 verkkokaupan kassatoiminnossa. Tehdess\u00e4si tilauksen hyv\u00e4ksyt n\u00e4m\u00e4 toimitusehdot ja tuotteiden hinnat.<br \/><br \/><\/li><li>Maksaminen. Verkkokaupan maksuv\u00e4litt\u00e4j\u00e4n\u00e4 toimii Paytrail (Paytrail Technology Oy, y-tunnus 2552865-6), joka on rekister\u00f6ity Finanssivalvonnan yll\u00e4pit\u00e4m\u00e4\u00e4n maksulaitosrekisteriin. Maksamiseen siirryt\u00e4\u00e4n Paytrailin verkkopalvelun kautta ha tiliotteella ja laskulla maksun saajana n\u00e4kyy Paytrail Technology Oy. Paytrail v\u00e4litt\u00e4\u00e4 maksut verkkokauppiaalle. Maksaminen on turvallista, sill\u00e4 kaikki maksutapahtumaa koskevat tiedot v\u00e4litet\u00e4\u00e4n salattua yhteytt\u00e4 k\u00e4ytt\u00e4en niin ettei kukaan ulkopuolinen taho n\u00e4e maksutapahtuman tietoja. Kauppa syntyy verkkokaupan asiakkaan ja verkkokaupan v\u00e4lille. Verkkokaupan vastuulla ovat kaikki kauppaan liittyv\u00e4t velvoitteet. Lue lis\u00e4\u00e4 Paytrailista: <a href=\"https:\/\/www.paytrail.com\" rel=\"nofollow\">https:\/\/www.paytrail.com<\/a><br \/><br \/><\/li><li>Maksutavat. Payform-palvelun kautta voit maksaa verkkopankkitunnuksilla, maksukorteilla (credit\/debit), laskulla tai osamaksulla. K\u00e4ytett\u00e4viss\u00e4 ovat seuraavat maksutavat: Osuuspankki, Nordea, Danske Bank, Oma S\u00e4\u00e4st\u00f6pankki, Aktia, Paikallisosuuspankit, S-Pankki.<\/li><\/ol>\t\t\t\t\t\t\t\t<\/div>\n\t\t\t\t<\/div>\n\t\t\t\t<div class=\"elementor-element elementor-element-728f7dd elementor-widget elementor-widget-heading\" data-id=\"728f7dd\" data-element_type=\"widget\" data-e-type=\"widget\" data-widget_type=\"heading.default\">\n\t\t\t\t<div class=\"elementor-widget-container\">\n\t\t\t\t\t<h2 class=\"elementor-heading-title elementor-size-default\">SOPIMUS-EHDOT<\/h2>\t\t\t\t<\/div>\n\t\t\t\t<\/div>\n\t\t\t\t<div class=\"elementor-element elementor-element-89870f7 elementor-widget elementor-widget-text-editor\" data-id=\"89870f7\" data-element_type=\"widget\" data-e-type=\"widget\" data-widget_type=\"text-editor.default\">\n\t\t\t\t<div class=\"elementor-widget-container\">\n\t\t\t\t\t\t\t\t\t<ol><li>Office X sopimus on toistaiseksi voimassa oleva, joten emme vaadi asiakkailtamme pitk\u00e4\u00e4 sitoutumista. Voit olla asiakkaanamme esim. 4 kuukautta ja irtisanoa sopimuksesi 30 pv irtisanomisajalla.<br \/><br \/><\/li><li>Asiakas toimii tiloissa omalla vastuulla. Office X vastaa tilojen sek\u00e4 tiloissa olevien laitteiden toimivuudesta.Asiakas toimii tiloissa omalla vastuulla. Office X vastaa tilojen sek\u00e4 tiloissa olevien laitteiden toimivuudesta.<br \/><br \/><\/li><li>J\u00e4senell\u00e4 on oikeus tuoda asiakas tai kollega satunnaisesti vieraaksi toimipisteelle. Toimipaikan k\u00e4ytt\u00f6oikeus on kuitenkin henkil\u00f6kohtainen, eik\u00e4 sit\u00e4 saa luovuttaa eteenp\u00e4in.<br \/><br \/><\/li><li>P\u00e4\u00e4syoikeus on henkil\u00f6kohtainen ja asiakkaan on pyydett\u00e4ess\u00e4 todistettava henkil\u00f6llisyytens\u00e4. Mik\u00e4li p\u00e4\u00e4syoikeutta k\u00e4ytt\u00e4\u00e4 joku muu henkil\u00f6, voidaan asiakkuus perua kokonaan. T\u00e4ll\u00f6in suoritettuja maksuja ei makseta takaisin.<br \/><br \/><\/li><li>Toimipaikka on velvollinen ilmoittamaan j\u00e4senelle arvonlis\u00e4veromuutoksen tai mahdollisten muiden viranomaistoimien hinnoissa aiheuttamista muutoksista v\u00e4hint\u00e4\u00e4n kuukautta ennen t\u00e4llaisten muutosten siirt\u00e4mist\u00e4 asiakkaiden maksettaviin hintoihin.<br \/><br \/><\/li><li>J\u00e4senyyshinta voi muuttua vuoden vaihteessa elinkustannusindeksin tai enint\u00e4\u00e4n kolmen prosentin verran.<br \/><br \/><\/li><li>Maksujen viiv\u00e4styess\u00e4 on Office X:ll\u00e4 oikeus peri\u00e4 asiakkaalta korkolain mukainen viiv\u00e4styskorko ja muistutusmaksu. Mik\u00e4li lasku joudutaan siirt\u00e4m\u00e4\u00e4n perint\u00e4\u00e4n maksaa asiakas kohtuulliset perimiskulut. Mik\u00e4li asiakas huomautuksesta huolimatta laiminly\u00f6 sopimuksen mukaiset maksut, voidaan j\u00e4senyys irtisanoa v\u00e4litt\u00f6min vaikutuksin t\u00e4st\u00e4 kirjallisesti ilmoittamalla. Asiakkaalla on oikeus olla vastaanottamatta liittymislahjoja.<br \/><br \/><\/li><li>Asiakkaan valitessa maksutavaksi suoraveloituksen, toimii t\u00e4m\u00e4 sopimusennakkoilmoituksena laskuista, joihin on merkitty kausittaisen veloituksen eurom\u00e4\u00e4r\u00e4.<br \/><br \/><\/li><li>Laskun maksamatta j\u00e4tt\u00e4minen ei riit\u00e4 asiakkuuden lopettamiseen, vaan irtisanomiseen tarvitaan paikalla k\u00e4ynti tai s\u00e4hk\u00f6posti.<br \/><br \/><\/li><li>Pid\u00e4mme yll\u00e4 asiakasrekisteri\u00e4. K\u00e4sittelemme henkil\u00f6tietoja EU:n yleisen tietosuoja-asetuksen (GDPR) mukaisesti, jota t\u00e4ydennet\u00e4\u00e4n ja t\u00e4smennet\u00e4\u00e4n kansallisella lains\u00e4\u00e4d\u00e4nn\u00f6ll\u00e4. Office X:n tietosuojaseloste on julkaistu verkkosivuillamme.<\/li><\/ol>\t\t\t\t\t\t\t\t<\/div>\n\t\t\t\t<\/div>\n\t\t\t\t\t<\/div>\n\t\t\t\t<\/div>\n\t\t\t\t<\/div>","protected":false},"excerpt":{"rendered":"<p>TOIMITUS- &#038; SOPIMUSEHDOT TOIMITUS-EHDOT Office X Oy 3184653-5 (j\u00e4ljemp\u00e4n\u00e4 Office X tai verkkokauppa) myy tilapalveluita yksityishenkil\u00f6ille sek\u00e4 yrityksille Suomeen. Pid\u00e4t\u00e4mme [&hellip;]<\/p>\n","protected":false},"author":1,"featured_media":0,"parent":0,"menu_order":0,"comment_status":"closed","ping_status":"closed","template":"","meta":{"site-sidebar-layout":"no-sidebar","site-content-layout":"","ast-site-content-layout":"full-width-container","site-content-style":"default","site-sidebar-style":"default","ast-global-header-display":"","ast-banner-title-visibility":"","ast-main-header-display":"","ast-hfb-above-header-display":"","ast-hfb-below-header-display":"","ast-hfb-mobile-header-display":"","site-post-title":"disabled","ast-breadcrumbs-content":"","ast-featured-img":"disabled","footer-sml-layout":"","ast-disable-related-posts":"","theme-transparent-header-meta":"","adv-header-id-meta":"","stick-header-meta":"","header-above-stick-meta":"","header-main-stick-meta":"","header-below-stick-meta":"","astra-migrate-meta-layouts":"default","ast-page-background-enabled":"default","ast-page-background-meta":{"desktop":{"background-color":"var(--ast-global-color-4)","background-image":"","background-repeat":"repeat","background-position":"center center","background-size":"auto","background-attachment":"scroll","background-type":"","background-media":"","overlay-type":"","overlay-color":"","overlay-opacity":"","overlay-gradient":""},"tablet":{"background-color":"","background-image":"","background-repeat":"repeat","background-position":"center center","background-size":"auto","background-attachment":"scroll","background-type":"","background-media":"","overlay-type":"","overlay-color":"","overlay-opacity":"","overlay-gradient":""},"mobile":{"background-color":"","background-image":"","background-repeat":"repeat","background-position":"center center","background-size":"auto","background-attachment":"scroll","background-type":"","background-media":"","overlay-type":"","overlay-color":"","overlay-opacity":"","overlay-gradient":""}},"ast-content-background-meta":{"desktop":{"background-color":"var(--ast-global-color-5)","background-image":"","background-repeat":"repeat","background-position":"center center","background-size":"auto","background-attachment":"scroll","background-type":"","background-media":"","overlay-type":"","overlay-color":"","overlay-opacity":"","overlay-gradient":""},"tablet":{"background-color":"var(--ast-global-color-5)","background-image":"","background-repeat":"repeat","background-position":"center center","background-size":"auto","background-attachment":"scroll","background-type":"","background-media":"","overlay-type":"","overlay-color":"","overlay-opacity":"","overlay-gradient":""},"mobile":{"background-color":"var(--ast-global-color-5)","background-image":"","background-repeat":"repeat","background-position":"center center","background-size":"auto","background-attachment":"scroll","background-type":"","background-media":"","overlay-type":"","overlay-color":"","overlay-opacity":"","overlay-gradient":""}},"footnotes":""},"class_list":["post-5873","page","type-page","status-publish","hentry"],"yoast_head":"<!-- This site is optimized with the Yoast SEO plugin v27.5 - https:\/\/yoast.com\/product\/yoast-seo-wordpress\/ -->\n<title>Delivery and Contract Terms - Office X<\/title>\n<meta name=\"robots\" content=\"index, follow, max-snippet:-1, max-image-preview:large, max-video-preview:-1\" \/>\n<link rel=\"canonical\" href=\"https:\/\/officex.fi\/en\/delivery-and-contract-terms\/\" \/>\n<meta property=\"og:locale\" content=\"en_US\" \/>\n<meta property=\"og:type\" content=\"article\" \/>\n<meta property=\"og:title\" content=\"Delivery and Contract Terms - Office X\" \/>\n<meta property=\"og:description\" content=\"TOIMITUS- &#038; SOPIMUSEHDOT TOIMITUS-EHDOT Office X Oy 3184653-5 (j\u00e4ljemp\u00e4n\u00e4 Office X tai verkkokauppa) myy tilapalveluita yksityishenkil\u00f6ille sek\u00e4 yrityksille Suomeen. Pid\u00e4t\u00e4mme [&hellip;]\" \/>\n<meta property=\"og:url\" content=\"https:\/\/officex.fi\/en\/delivery-and-contract-terms\/\" \/>\n<meta property=\"og:site_name\" content=\"Office X\" \/>\n<meta name=\"twitter:card\" content=\"summary_large_image\" \/>\n<meta name=\"twitter:label1\" content=\"Est. reading time\" \/>\n\t<meta name=\"twitter:data1\" content=\"2 minutes\" \/>\n<script type=\"application\/ld+json\" class=\"yoast-schema-graph\">{\"@context\":\"https:\\\/\\\/schema.org\",\"@graph\":[{\"@type\":\"WebPage\",\"@id\":\"https:\\\/\\\/officex.fi\\\/en\\\/delivery-and-contract-terms\\\/\",\"url\":\"https:\\\/\\\/officex.fi\\\/en\\\/delivery-and-contract-terms\\\/\",\"name\":\"Delivery and Contract Terms - Office X\",\"isPartOf\":{\"@id\":\"https:\\\/\\\/officex.fi\\\/en\\\/#website\"},\"datePublished\":\"2024-07-14T07:14:36+00:00\",\"breadcrumb\":{\"@id\":\"https:\\\/\\\/officex.fi\\\/en\\\/delivery-and-contract-terms\\\/#breadcrumb\"},\"inLanguage\":\"en-US\",\"potentialAction\":[{\"@type\":\"ReadAction\",\"target\":[\"https:\\\/\\\/officex.fi\\\/en\\\/delivery-and-contract-terms\\\/\"]}]},{\"@type\":\"BreadcrumbList\",\"@id\":\"https:\\\/\\\/officex.fi\\\/en\\\/delivery-and-contract-terms\\\/#breadcrumb\",\"itemListElement\":[{\"@type\":\"ListItem\",\"position\":1,\"name\":\"Home\",\"item\":\"https:\\\/\\\/officex.fi\\\/en\\\/front-page\\\/\"},{\"@type\":\"ListItem\",\"position\":2,\"name\":\"Delivery and Contract Terms\"}]},{\"@type\":\"WebSite\",\"@id\":\"https:\\\/\\\/officex.fi\\\/en\\\/#website\",\"url\":\"https:\\\/\\\/officex.fi\\\/en\\\/\",\"name\":\"Office X\",\"description\":\"\",\"potentialAction\":[{\"@type\":\"SearchAction\",\"target\":{\"@type\":\"EntryPoint\",\"urlTemplate\":\"https:\\\/\\\/officex.fi\\\/en\\\/?s={search_term_string}\"},\"query-input\":{\"@type\":\"PropertyValueSpecification\",\"valueRequired\":true,\"valueName\":\"search_term_string\"}}],\"inLanguage\":\"en-US\"}]}<\/script>\n<!-- \/ Yoast SEO plugin. -->","yoast_head_json":{"title":"Delivery and Contract Terms - Office X","robots":{"index":"index","follow":"follow","max-snippet":"max-snippet:-1","max-image-preview":"max-image-preview:large","max-video-preview":"max-video-preview:-1"},"canonical":"https:\/\/officex.fi\/en\/delivery-and-contract-terms\/","og_locale":"en_US","og_type":"article","og_title":"Delivery and Contract Terms - Office X","og_description":"TOIMITUS- &#038; SOPIMUSEHDOT TOIMITUS-EHDOT Office X Oy 3184653-5 (j\u00e4ljemp\u00e4n\u00e4 Office X tai verkkokauppa) myy tilapalveluita yksityishenkil\u00f6ille sek\u00e4 yrityksille Suomeen. Pid\u00e4t\u00e4mme [&hellip;]","og_url":"https:\/\/officex.fi\/en\/delivery-and-contract-terms\/","og_site_name":"Office X","twitter_card":"summary_large_image","twitter_misc":{"Est. reading time":"2 minutes"},"schema":{"@context":"https:\/\/schema.org","@graph":[{"@type":"WebPage","@id":"https:\/\/officex.fi\/en\/delivery-and-contract-terms\/","url":"https:\/\/officex.fi\/en\/delivery-and-contract-terms\/","name":"Delivery and Contract Terms - Office X","isPartOf":{"@id":"https:\/\/officex.fi\/en\/#website"},"datePublished":"2024-07-14T07:14:36+00:00","breadcrumb":{"@id":"https:\/\/officex.fi\/en\/delivery-and-contract-terms\/#breadcrumb"},"inLanguage":"en-US","potentialAction":[{"@type":"ReadAction","target":["https:\/\/officex.fi\/en\/delivery-and-contract-terms\/"]}]},{"@type":"BreadcrumbList","@id":"https:\/\/officex.fi\/en\/delivery-and-contract-terms\/#breadcrumb","itemListElement":[{"@type":"ListItem","position":1,"name":"Home","item":"https:\/\/officex.fi\/en\/front-page\/"},{"@type":"ListItem","position":2,"name":"Delivery and Contract Terms"}]},{"@type":"WebSite","@id":"https:\/\/officex.fi\/en\/#website","url":"https:\/\/officex.fi\/en\/","name":"Office X","description":"","potentialAction":[{"@type":"SearchAction","target":{"@type":"EntryPoint","urlTemplate":"https:\/\/officex.fi\/en\/?s={search_term_string}"},"query-input":{"@type":"PropertyValueSpecification","valueRequired":true,"valueName":"search_term_string"}}],"inLanguage":"en-US"}]}},"_links":{"self":[{"href":"https:\/\/officex.fi\/en\/wp-json\/wp\/v2\/pages\/5873","targetHints":{"allow":["GET"]}}],"collection":[{"href":"https:\/\/officex.fi\/en\/wp-json\/wp\/v2\/pages"}],"about":[{"href":"https:\/\/officex.fi\/en\/wp-json\/wp\/v2\/types\/page"}],"author":[{"embeddable":true,"href":"https:\/\/officex.fi\/en\/wp-json\/wp\/v2\/users\/1"}],"replies":[{"embeddable":true,"href":"https:\/\/officex.fi\/en\/wp-json\/wp\/v2\/comments?post=5873"}],"version-history":[{"count":1,"href":"https:\/\/officex.fi\/en\/wp-json\/wp\/v2\/pages\/5873\/revisions"}],"predecessor-version":[{"id":5874,"href":"https:\/\/officex.fi\/en\/wp-json\/wp\/v2\/pages\/5873\/revisions\/5874"}],"wp:attachment":[{"href":"https:\/\/officex.fi\/en\/wp-json\/wp\/v2\/media?parent=5873"}],"curies":[{"name":"wp","href":"https:\/\/api.w.org\/{rel}","templated":true}]}}