{"id":5875,"date":"2024-07-14T07:15:31","date_gmt":"2024-07-14T07:15:31","guid":{"rendered":"https:\/\/officex.fi\/?page_id=5875"},"modified":"2024-07-14T07:15:31","modified_gmt":"2024-07-14T07:15:31","slug":"privacy-policy","status":"publish","type":"page","link":"https:\/\/officex.fi\/en\/privacy-policy\/","title":{"rendered":"Privacy Policy"},"content":{"rendered":"<div data-elementor-type=\"wp-page\" data-elementor-id=\"5875\" class=\"elementor elementor-5875\" data-elementor-post-type=\"page\">\n\t\t\t\t<div class=\"elementor-element elementor-element-cea4c06 e-flex e-con-boxed e-con e-parent\" data-id=\"cea4c06\" data-element_type=\"container\" data-e-type=\"container\" data-settings=\"{&quot;background_background&quot;:&quot;classic&quot;}\">\n\t\t\t\t\t<div class=\"e-con-inner\">\n\t\t\t\t<div class=\"elementor-element elementor-element-d4c9d0d elementor-widget elementor-widget-heading\" data-id=\"d4c9d0d\" data-element_type=\"widget\" data-e-type=\"widget\" data-widget_type=\"heading.default\">\n\t\t\t\t<div class=\"elementor-widget-container\">\n\t\t\t\t\t<h1 class=\"elementor-heading-title elementor-size-default\">REKISTERISELOSTE<\/h1>\t\t\t\t<\/div>\n\t\t\t\t<\/div>\n\t\t\t\t\t<\/div>\n\t\t\t\t<\/div>\n\t\t<div class=\"elementor-element elementor-element-76c24b9 e-flex e-con-boxed e-con e-parent\" data-id=\"76c24b9\" data-element_type=\"container\" data-e-type=\"container\">\n\t\t\t\t\t<div class=\"e-con-inner\">\n\t\t\t\t<div class=\"elementor-element elementor-element-ccdd81a elementor-widget elementor-widget-text-editor\" data-id=\"ccdd81a\" data-element_type=\"widget\" data-e-type=\"widget\" data-widget_type=\"text-editor.default\">\n\t\t\t\t<div class=\"elementor-widget-container\">\n\t\t\t\t\t\t\t\t\t<ol><li>Henkil\u00f6tietolain (523\/99) 10 \u00a7:n mukainen rekisteriseloste. Rekisterin pit\u00e4j\u00e4 Office X<br \/><br \/><\/li><li>Rekisterin nimi: Office X asiakasrekisteri<br \/><br \/><\/li><li>Henkil\u00f6tietojen k\u00e4sittelyn tarkoitus Henkil\u00f6tietojen k\u00e4sittelyn tarkoituksena on Office X:n asiakassuhteiden hoitaminen, markkinointi ja viestint\u00e4.<br \/><br \/><\/li><li>Rekisterin tietosis\u00e4lt\u00f6. Rekisteri sis\u00e4lt\u00e4\u00e4 seuraavan ryhmittelyn mukaiset tiedot asiakkaista: yritys, kontaktihenkil\u00f6n nimi, asema yrityksess\u00e4, s\u00e4hk\u00f6postiosoite, puhelinnumero, osoitetiedot sek\u00e4 tietoa asiakkuudesta.<br \/><br \/><\/li><li>Rekisterin s\u00e4\u00e4nn\u00f6nmukaiset tietol\u00e4hteet. Rekisteri on koostettu Office X:n asiakastiedoista, yleisesti saatavilla olevista internet-l\u00e4hteist\u00e4 tai henkil\u00f6 on itse luovuttanut tietonsa Office X:n k\u00e4ytt\u00f6\u00f6n.<br \/><br \/><\/li><li>S\u00e4\u00e4nn\u00f6nmukaiset tietojen luovutukset. Rekisterinpit\u00e4j\u00e4 ei luovuta tietoja edelleen kolmansille osapuolille, paitsi viranomaisten niin edellytt\u00e4ess\u00e4 tai liiketoimintakaupan yhteydess\u00e4.<br \/><br \/><\/li><li>S\u00e4\u00e4nn\u00f6nmukaiset tietojen luovutukset. Rekisterinpit\u00e4j\u00e4 ei luovuta tietoja edelleen kolmansille osapuolille, paitsi viranomaisten niin edellytt\u00e4ess\u00e4 tai liiketoimintakaupan yhteydess\u00e4.<br \/><br \/><\/li><li>Henkil\u00f6tietojen k\u00e4sittely Henkil\u00f6tietoja s\u00e4ilytet\u00e4\u00e4n niin kauan kuin on tarpeen rekisteriselosteessa mainitun teht\u00e4v\u00e4n hoitamiseksi. Vanhentuneet ja tarpeettomat tiedot poistetaan s\u00e4\u00e4nn\u00f6llisesti. Henkil\u00f6tietoja ei arkistoida.<br \/><br \/><\/li><li>Rekisterin suojauksen periaatteet. Rekisteri\u00e4 ei voi k\u00e4ytt\u00e4\u00e4 kuin Office X:n henkil\u00f6kunta. Office X:n tietoverkko ja laitteisto, jolla rekisteri sijaitsee, on suojattu palomuurilla ja muilla tarvittavilla teknisill\u00e4 toimenpiteill\u00e4<\/li><\/ol>\t\t\t\t\t\t\t\t<\/div>\n\t\t\t\t<\/div>\n\t\t\t\t\t<\/div>\n\t\t\t\t<\/div>\n\t\t\t\t<\/div>","protected":false},"excerpt":{"rendered":"<p>REKISTERISELOSTE Henkil\u00f6tietolain (523\/99) 10 \u00a7:n mukainen rekisteriseloste. Rekisterin pit\u00e4j\u00e4 Office X Rekisterin nimi: Office X asiakasrekisteri Henkil\u00f6tietojen k\u00e4sittelyn tarkoitus Henkil\u00f6tietojen [&hellip;]<\/p>\n","protected":false},"author":1,"featured_media":0,"parent":0,"menu_order":0,"comment_status":"closed","ping_status":"closed","template":"","meta":{"site-sidebar-layout":"no-sidebar","site-content-layout":"","ast-site-content-layout":"full-width-container","site-content-style":"default","site-sidebar-style":"default","ast-global-header-display":"","ast-banner-title-visibility":"","ast-main-header-display":"","ast-hfb-above-header-display":"","ast-hfb-below-header-display":"","ast-hfb-mobile-header-display":"","site-post-title":"disabled","ast-breadcrumbs-content":"","ast-featured-img":"disabled","footer-sml-layout":"","ast-disable-related-posts":"","theme-transparent-header-meta":"","adv-header-id-meta":"","stick-header-meta":"","header-above-stick-meta":"","header-main-stick-meta":"","header-below-stick-meta":"","astra-migrate-meta-layouts":"default","ast-page-background-enabled":"default","ast-page-background-meta":{"desktop":{"background-color":"var(--ast-global-color-4)","background-image":"","background-repeat":"repeat","background-position":"center center","background-size":"auto","background-attachment":"scroll","background-type":"","background-media":"","overlay-type":"","overlay-color":"","overlay-opacity":"","overlay-gradient":""},"tablet":{"background-color":"","background-image":"","background-repeat":"repeat","background-position":"center center","background-size":"auto","background-attachment":"scroll","background-type":"","background-media":"","overlay-type":"","overlay-color":"","overlay-opacity":"","overlay-gradient":""},"mobile":{"background-color":"","background-image":"","background-repeat":"repeat","background-position":"center center","background-size":"auto","background-attachment":"scroll","background-type":"","background-media":"","overlay-type":"","overlay-color":"","overlay-opacity":"","overlay-gradient":""}},"ast-content-background-meta":{"desktop":{"background-color":"var(--ast-global-color-5)","background-image":"","background-repeat":"repeat","background-position":"center center","background-size":"auto","background-attachment":"scroll","background-type":"","background-media":"","overlay-type":"","overlay-color":"","overlay-opacity":"","overlay-gradient":""},"tablet":{"background-color":"var(--ast-global-color-5)","background-image":"","background-repeat":"repeat","background-position":"center center","background-size":"auto","background-attachment":"scroll","background-type":"","background-media":"","overlay-type":"","overlay-color":"","overlay-opacity":"","overlay-gradient":""},"mobile":{"background-color":"var(--ast-global-color-5)","background-image":"","background-repeat":"repeat","background-position":"center center","background-size":"auto","background-attachment":"scroll","background-type":"","background-media":"","overlay-type":"","overlay-color":"","overlay-opacity":"","overlay-gradient":""}},"footnotes":""},"class_list":["post-5875","page","type-page","status-publish","hentry"],"yoast_head":"<!-- This site is optimized with the Yoast SEO plugin v27.5 - https:\/\/yoast.com\/product\/yoast-seo-wordpress\/ -->\n<title>Privacy Policy - Office X<\/title>\n<meta name=\"robots\" content=\"index, follow, max-snippet:-1, max-image-preview:large, max-video-preview:-1\" \/>\n<link rel=\"canonical\" href=\"https:\/\/officex.fi\/en\/privacy-policy\/\" \/>\n<meta property=\"og:locale\" content=\"en_US\" \/>\n<meta property=\"og:type\" content=\"article\" \/>\n<meta property=\"og:title\" content=\"Privacy Policy - Office X\" \/>\n<meta property=\"og:description\" content=\"REKISTERISELOSTE Henkil\u00f6tietolain (523\/99) 10 \u00a7:n mukainen rekisteriseloste. Rekisterin pit\u00e4j\u00e4 Office X Rekisterin nimi: Office X asiakasrekisteri Henkil\u00f6tietojen k\u00e4sittelyn tarkoitus Henkil\u00f6tietojen [&hellip;]\" \/>\n<meta property=\"og:url\" content=\"https:\/\/officex.fi\/en\/privacy-policy\/\" \/>\n<meta property=\"og:site_name\" content=\"Office X\" \/>\n<meta name=\"twitter:card\" content=\"summary_large_image\" \/>\n<meta name=\"twitter:label1\" content=\"Est. reading time\" \/>\n\t<meta name=\"twitter:data1\" content=\"1 minute\" \/>\n<script type=\"application\/ld+json\" class=\"yoast-schema-graph\">{\"@context\":\"https:\\\/\\\/schema.org\",\"@graph\":[{\"@type\":\"WebPage\",\"@id\":\"https:\\\/\\\/officex.fi\\\/en\\\/privacy-policy\\\/\",\"url\":\"https:\\\/\\\/officex.fi\\\/en\\\/privacy-policy\\\/\",\"name\":\"Privacy Policy - Office X\",\"isPartOf\":{\"@id\":\"https:\\\/\\\/officex.fi\\\/en\\\/#website\"},\"datePublished\":\"2024-07-14T07:15:31+00:00\",\"breadcrumb\":{\"@id\":\"https:\\\/\\\/officex.fi\\\/en\\\/privacy-policy\\\/#breadcrumb\"},\"inLanguage\":\"en-US\",\"potentialAction\":[{\"@type\":\"ReadAction\",\"target\":[\"https:\\\/\\\/officex.fi\\\/en\\\/privacy-policy\\\/\"]}]},{\"@type\":\"BreadcrumbList\",\"@id\":\"https:\\\/\\\/officex.fi\\\/en\\\/privacy-policy\\\/#breadcrumb\",\"itemListElement\":[{\"@type\":\"ListItem\",\"position\":1,\"name\":\"Home\",\"item\":\"https:\\\/\\\/officex.fi\\\/en\\\/front-page\\\/\"},{\"@type\":\"ListItem\",\"position\":2,\"name\":\"Privacy Policy\"}]},{\"@type\":\"WebSite\",\"@id\":\"https:\\\/\\\/officex.fi\\\/en\\\/#website\",\"url\":\"https:\\\/\\\/officex.fi\\\/en\\\/\",\"name\":\"Office X\",\"description\":\"\",\"potentialAction\":[{\"@type\":\"SearchAction\",\"target\":{\"@type\":\"EntryPoint\",\"urlTemplate\":\"https:\\\/\\\/officex.fi\\\/en\\\/?s={search_term_string}\"},\"query-input\":{\"@type\":\"PropertyValueSpecification\",\"valueRequired\":true,\"valueName\":\"search_term_string\"}}],\"inLanguage\":\"en-US\"}]}<\/script>\n<!-- \/ Yoast SEO plugin. -->","yoast_head_json":{"title":"Privacy Policy - Office X","robots":{"index":"index","follow":"follow","max-snippet":"max-snippet:-1","max-image-preview":"max-image-preview:large","max-video-preview":"max-video-preview:-1"},"canonical":"https:\/\/officex.fi\/en\/privacy-policy\/","og_locale":"en_US","og_type":"article","og_title":"Privacy Policy - Office X","og_description":"REKISTERISELOSTE Henkil\u00f6tietolain (523\/99) 10 \u00a7:n mukainen rekisteriseloste. Rekisterin pit\u00e4j\u00e4 Office X Rekisterin nimi: Office X asiakasrekisteri Henkil\u00f6tietojen k\u00e4sittelyn tarkoitus Henkil\u00f6tietojen [&hellip;]","og_url":"https:\/\/officex.fi\/en\/privacy-policy\/","og_site_name":"Office X","twitter_card":"summary_large_image","twitter_misc":{"Est. reading time":"1 minute"},"schema":{"@context":"https:\/\/schema.org","@graph":[{"@type":"WebPage","@id":"https:\/\/officex.fi\/en\/privacy-policy\/","url":"https:\/\/officex.fi\/en\/privacy-policy\/","name":"Privacy Policy - Office X","isPartOf":{"@id":"https:\/\/officex.fi\/en\/#website"},"datePublished":"2024-07-14T07:15:31+00:00","breadcrumb":{"@id":"https:\/\/officex.fi\/en\/privacy-policy\/#breadcrumb"},"inLanguage":"en-US","potentialAction":[{"@type":"ReadAction","target":["https:\/\/officex.fi\/en\/privacy-policy\/"]}]},{"@type":"BreadcrumbList","@id":"https:\/\/officex.fi\/en\/privacy-policy\/#breadcrumb","itemListElement":[{"@type":"ListItem","position":1,"name":"Home","item":"https:\/\/officex.fi\/en\/front-page\/"},{"@type":"ListItem","position":2,"name":"Privacy Policy"}]},{"@type":"WebSite","@id":"https:\/\/officex.fi\/en\/#website","url":"https:\/\/officex.fi\/en\/","name":"Office X","description":"","potentialAction":[{"@type":"SearchAction","target":{"@type":"EntryPoint","urlTemplate":"https:\/\/officex.fi\/en\/?s={search_term_string}"},"query-input":{"@type":"PropertyValueSpecification","valueRequired":true,"valueName":"search_term_string"}}],"inLanguage":"en-US"}]}},"_links":{"self":[{"href":"https:\/\/officex.fi\/en\/wp-json\/wp\/v2\/pages\/5875","targetHints":{"allow":["GET"]}}],"collection":[{"href":"https:\/\/officex.fi\/en\/wp-json\/wp\/v2\/pages"}],"about":[{"href":"https:\/\/officex.fi\/en\/wp-json\/wp\/v2\/types\/page"}],"author":[{"embeddable":true,"href":"https:\/\/officex.fi\/en\/wp-json\/wp\/v2\/users\/1"}],"replies":[{"embeddable":true,"href":"https:\/\/officex.fi\/en\/wp-json\/wp\/v2\/comments?post=5875"}],"version-history":[{"count":1,"href":"https:\/\/officex.fi\/en\/wp-json\/wp\/v2\/pages\/5875\/revisions"}],"predecessor-version":[{"id":5876,"href":"https:\/\/officex.fi\/en\/wp-json\/wp\/v2\/pages\/5875\/revisions\/5876"}],"wp:attachment":[{"href":"https:\/\/officex.fi\/en\/wp-json\/wp\/v2\/media?parent=5875"}],"curies":[{"name":"wp","href":"https:\/\/api.w.org\/{rel}","templated":true}]}}